{"id":28325,"date":"2026-02-05T19:16:03","date_gmt":"2026-02-05T22:16:03","guid":{"rendered":"https:\/\/andreafilatro.com\/?page_id=28325"},"modified":"2026-02-05T20:49:29","modified_gmt":"2026-02-05T23:49:29","slug":"producao-cientifica","status":"publish","type":"page","link":"https:\/\/andreafilatro.com\/pt\/producao-cientifica\/","title":{"rendered":"Produ\u00e7\u00e3o Cient\u00edfica"},"content":{"rendered":"\t\t<div data-elementor-type=\"wp-page\" data-elementor-id=\"28325\" class=\"elementor elementor-28325\">\n\t\t\t\t\t\t<section class=\"elementor-section elementor-top-section elementor-element elementor-element-eccc73a elementor-section-stretched elementor-section-boxed elementor-section-height-default elementor-section-height-default\" data-id=\"eccc73a\" data-element_type=\"section\" data-e-type=\"section\" data-settings=\"{&quot;stretch_section&quot;:&quot;section-stretched&quot;,&quot;background_background&quot;:&quot;classic&quot;}\">\n\t\t\t\t\t\t<div class=\"elementor-container elementor-column-gap-default\">\n\t\t\t\t\t<div class=\"elementor-column elementor-col-100 elementor-top-column elementor-element elementor-element-43cd372\" data-id=\"43cd372\" data-element_type=\"column\" data-e-type=\"column\">\n\t\t\t<div class=\"elementor-widget-wrap elementor-element-populated\">\n\t\t\t\t\t\t<div class=\"elementor-element elementor-element-73227fb elementor-widget__width-inherit elementor-widget elementor-widget-rs-heading\" data-id=\"73227fb\" data-element_type=\"widget\" data-e-type=\"widget\" data-widget_type=\"rs-heading.default\">\n\t\t\t\t<div class=\"elementor-widget-container\">\n\t\t\t\t\t\n        <div class=\"prelements-heading default animate- \">\n        \t<div class=\"title-inner\"> \n\t        \t       \t\t      \t\t\n\t            <h1 class=\"title\"><span class=\"watermark\">About<\/span>Produ\u00e7\u00e3o Cient\u00edfica e Pesquisa<\/h1>\t\t\t\t\n\t\t\t\t\t        <\/div>\n\t                    \t<div class=\"description\">\n            \t\t            \t\t<p>O rigor acad\u00eamico por tr\u00e1s da inova\u00e7\u00e3o. Acesse teses, artigos e estudos que fundamentam o design instrucional moderno.<\/p>  \n            \t<\/div>\n        \t        <\/div>\n        \t\t\t\t<\/div>\n\t\t\t\t<\/div>\n\t\t\t\t\t<\/div>\n\t\t<\/div>\n\t\t\t\t\t<\/div>\n\t\t<\/section>\n\t\t<div class=\"elementor-element elementor-element-3782728 e-flex e-con-boxed e-con e-parent\" data-id=\"3782728\" data-element_type=\"container\" data-e-type=\"container\">\n\t\t\t\t\t<div class=\"e-con-inner\">\n\t\t<div class=\"elementor-element elementor-element-39cc738 e-con-full e-flex e-con e-child\" data-id=\"39cc738\" data-element_type=\"container\" data-e-type=\"container\">\n\t\t\t\t<div class=\"elementor-element elementor-element-4754b34 elementor-widget elementor-widget-heading\" data-id=\"4754b34\" data-element_type=\"widget\" data-e-type=\"widget\" data-widget_type=\"heading.default\">\n\t\t\t\t\t<h2 class=\"elementor-heading-title elementor-size-default\">PRODU\u00c7\u00c3O CIENT\u00cdFICA <\/h2>\t\t\t\t<\/div>\n\t\t\t\t<\/div>\n\t\t<div class=\"elementor-element elementor-element-6a1fe71 e-con-full e-flex e-con e-child\" data-id=\"6a1fe71\" data-element_type=\"container\" data-e-type=\"container\">\n\t\t\t\t<div class=\"elementor-element elementor-element-7630ab7 elementor-widget elementor-widget-text-editor\" data-id=\"7630ab7\" data-element_type=\"widget\" data-e-type=\"widget\" data-widget_type=\"text-editor.default\">\n\t\t\t\t\t\t\t\t\t<p>Este espa\u00e7o re\u00fane a produ\u00e7\u00e3o intelectual de Andrea Filatro, oferecendo acesso integral \u00e0 sua tese de doutorado e a artigos cient\u00edficos selecionados. S\u00e3o estudos aprofundados que mapeiam a evolu\u00e7\u00e3o do Design Instrucional, da Educa\u00e7\u00e3o Digital e das inova\u00e7\u00f5es tecnol\u00f3gicas no ensino.<\/p>\t\t\t\t\t\t\t\t<\/div>\n\t\t\t\t<\/div>\n\t\t\t\t\t<\/div>\n\t\t\t\t<\/div>\n\t\t\t\t<section class=\"elementor-section elementor-top-section elementor-element elementor-element-a50a65f elementor-section-boxed elementor-section-height-default elementor-section-height-default\" data-id=\"a50a65f\" data-element_type=\"section\" data-e-type=\"section\">\n\t\t\t\t\t\t<div class=\"elementor-container elementor-column-gap-default\">\n\t\t\t\t\t<div class=\"elementor-column elementor-col-100 elementor-top-column elementor-element elementor-element-47a863b\" data-id=\"47a863b\" data-element_type=\"column\" data-e-type=\"column\">\n\t\t\t<div class=\"elementor-widget-wrap elementor-element-populated\">\n\t\t\t\t\t\t<section class=\"elementor-section elementor-inner-section elementor-element elementor-element-fcf452f elementor-section-boxed elementor-section-height-default elementor-section-height-default\" data-id=\"fcf452f\" data-element_type=\"section\" data-e-type=\"section\">\n\t\t\t\t\t\t<div class=\"elementor-container elementor-column-gap-default\">\n\t\t\t\t\t<div class=\"elementor-column elementor-col-33 elementor-inner-column elementor-element elementor-element-81e6934\" data-id=\"81e6934\" data-element_type=\"column\" data-e-type=\"column\">\n\t\t\t<div class=\"elementor-widget-wrap elementor-element-populated\">\n\t\t\t\t\t\t<div class=\"elementor-element elementor-element-c8c4452 elementor-widget elementor-widget-image\" data-id=\"c8c4452\" data-element_type=\"widget\" data-e-type=\"widget\" data-widget_type=\"image.default\">\n\t\t\t\t\t\t\t\t\t\t\t\t\t\t\t<img decoding=\"async\" width=\"278\" height=\"152\" src=\"https:\/\/andreafilatro.com\/pt\/wp-content\/uploads\/2026\/02\/Biblioteca-digital-USP-1.png\" class=\"attachment-large size-large wp-image-28345\" alt=\"\" \/>\t\t\t\t\t\t\t\t\t\t\t\t\t\t\t<\/div>\n\t\t\t\t<div class=\"elementor-element elementor-element-c43d098 elementor-widget elementor-widget-rsflipbox\" data-id=\"c43d098\" data-element_type=\"widget\" data-e-type=\"widget\" data-widget_type=\"rsflipbox.default\">\n\t\t\t\t<div class=\"elementor-widget-container\">\n\t\t\t\t\t        \n\n\n    <div class=\"rs-flip-box\">\n        <div class=\"rs-flip-box-inner rs-flip-right\">\n            <div class=\"rs-flip-box-wrap\">\n                <div class=\"front-part\">\n                    <div class=\"front-content-part\">\n                        \n                                                    <div class=\"front-title-part\">\n                                <h2 class=\"front-title\"> Teses e Disserta\u00e7\u00f5es (USP)<\/h2>                                \n                            <\/div>\n                        \n                                                    <div class=\"front-desc-part\">\n                                <p class=\"front-desc\">Acesse as pesquisas originais de Mestrado e Doutorado defendidas na Universidade de S\u00e3o Paulo, marcos te\u00f3ricos fundamentais do Design Instrucional no Brasil.<\/p>\n                            <\/div>\n                        \n                        \n                    <\/div>\n                <\/div>\n                <div class=\"back-part\">\n                    <div class=\"back-content-part\">\n                        \n                                                    <div class=\"back-title-part\">\n                                                                    <h2 class=\"back-title\"> Teses e Disserta\u00e7\u00f5es (USP)<\/h2>\n                                                            <\/div>\n                        \n                                                    <div class=\"back-desc-part\">\n                                <p class=\"back-desc\">Acesse as pesquisas originais de Mestrado e Doutorado defendidas na Universidade de S\u00e3o Paulo, marcos te\u00f3ricos fundamentais do Design Instrucional no Brasil.<\/p>\n                            <\/div>\n                        \n                                                    <div class=\"back-btn-part\">\n                                <a class=\"back-btn \" href=\"https:\/\/www.teses.usp.br\/teses\/disponiveis\/48\/48134\/tde-12062008-142556\/pt-br.php\">\n                                    <span class=\"back-btn-txt\">Ver Tese Completa<\/span>\n                                                                    <\/a>\n                            <\/div>\n                                            <\/div>\n                <\/div>\n            <\/div>\n        <\/div>\n    <\/div>    \n\n    \t\t\t\t<\/div>\n\t\t\t\t<\/div>\n\t\t\t\t\t<\/div>\n\t\t<\/div>\n\t\t\t\t<div class=\"elementor-column elementor-col-33 elementor-inner-column elementor-element elementor-element-80f5993\" data-id=\"80f5993\" data-element_type=\"column\" data-e-type=\"column\">\n\t\t\t<div class=\"elementor-widget-wrap elementor-element-populated\">\n\t\t\t\t\t\t<div class=\"elementor-element elementor-element-93761d5 elementor-widget elementor-widget-image\" data-id=\"93761d5\" data-element_type=\"widget\" data-e-type=\"widget\" data-widget_type=\"image.default\">\n\t\t\t\t\t\t\t\t\t\t\t\t\t\t\t<img decoding=\"async\" width=\"277\" height=\"152\" src=\"https:\/\/andreafilatro.com\/pt\/wp-content\/uploads\/2026\/02\/researchgate1714.png\" class=\"attachment-large size-large wp-image-28349\" alt=\"\" \/>\t\t\t\t\t\t\t\t\t\t\t\t\t\t\t<\/div>\n\t\t\t\t<div class=\"elementor-element elementor-element-8a5c43a elementor-widget elementor-widget-rsflipbox\" data-id=\"8a5c43a\" data-element_type=\"widget\" data-e-type=\"widget\" data-widget_type=\"rsflipbox.default\">\n\t\t\t\t<div class=\"elementor-widget-container\">\n\t\t\t\t\t        \n\n\n    <div class=\"rs-flip-box\">\n        <div class=\"rs-flip-box-inner rs-flip-right\">\n            <div class=\"rs-flip-box-wrap\">\n                <div class=\"front-part\">\n                    <div class=\"front-content-part\">\n                        \n                                                    <div class=\"front-title-part\">\n                                <h2 class=\"front-title\"> Perfil no ResearchGate<\/h2>                                \n                            <\/div>\n                        \n                                                    <div class=\"front-desc-part\">\n                                <p class=\"front-desc\">Conecte-se \u00e0 rede de pesquisa colaborativa. Explore artigos, cita\u00e7\u00f5es e m\u00e9tricas de impacto acad\u00eamico dispon\u00edveis para consulta e download.<\/p>\n                            <\/div>\n                        \n                        \n                    <\/div>\n                <\/div>\n                <div class=\"back-part\">\n                    <div class=\"back-content-part\">\n                        \n                                                    <div class=\"back-title-part\">\n                                                                    <h2 class=\"back-title\"> Perfil no ResearchGate<\/h2>\n                                                            <\/div>\n                        \n                                                    <div class=\"back-desc-part\">\n                                <p class=\"back-desc\">Conecte-se \u00e0 rede de pesquisa colaborativa. Explore artigos, cita\u00e7\u00f5es e m\u00e9tricas de impacto acad\u00eamico dispon\u00edveis para consulta e download.<\/p>\n                            <\/div>\n                        \n                                                    <div class=\"back-btn-part\">\n                                <a class=\"back-btn \" href=\"https:\/\/www.researchgate.net\/profile\/Andrea-Filatro\">\n                                    <span class=\"back-btn-txt\">Acessar Artigos<\/span>\n                                                                    <\/a>\n                            <\/div>\n                                            <\/div>\n                <\/div>\n            <\/div>\n        <\/div>\n    <\/div>    \n\n    \t\t\t\t<\/div>\n\t\t\t\t<\/div>\n\t\t\t\t\t<\/div>\n\t\t<\/div>\n\t\t\t\t<div class=\"elementor-column elementor-col-33 elementor-inner-column elementor-element elementor-element-d829fcf\" data-id=\"d829fcf\" data-element_type=\"column\" data-e-type=\"column\">\n\t\t\t<div class=\"elementor-widget-wrap elementor-element-populated\">\n\t\t\t\t\t\t<div class=\"elementor-element elementor-element-6d34c3c elementor-widget elementor-widget-image\" data-id=\"6d34c3c\" data-element_type=\"widget\" data-e-type=\"widget\" data-widget_type=\"image.default\">\n\t\t\t\t\t\t\t\t\t\t\t\t\t\t\t<img decoding=\"async\" width=\"277\" height=\"154\" src=\"https:\/\/andreafilatro.com\/pt\/wp-content\/uploads\/2026\/02\/academia_edu-1-e1770330742170.png\" class=\"attachment-large size-large wp-image-28351\" alt=\"\" \/>\t\t\t\t\t\t\t\t\t\t\t\t\t\t\t<\/div>\n\t\t\t\t<div class=\"elementor-element elementor-element-d562759 elementor-widget elementor-widget-rsflipbox\" data-id=\"d562759\" data-element_type=\"widget\" data-e-type=\"widget\" data-widget_type=\"rsflipbox.default\">\n\t\t\t\t<div class=\"elementor-widget-container\">\n\t\t\t\t\t        \n\n\n    <div class=\"rs-flip-box\">\n        <div class=\"rs-flip-box-inner rs-flip-right\">\n            <div class=\"rs-flip-box-wrap\">\n                <div class=\"front-part\">\n                    <div class=\"front-content-part\">\n                        \n                                                    <div class=\"front-title-part\">\n                                <h2 class=\"front-title\"> Portf\u00f3lio Academia<\/h2>                                \n                            <\/div>\n                        \n                                                    <div class=\"front-desc-part\">\n                                <p class=\"front-desc\">Acompanhe a dissemina\u00e7\u00e3o do conhecimento cient\u00edfico. Uma sele\u00e7\u00e3o curada de papers, ensaios e contribui\u00e7\u00f5es para a comunidade acad\u00eamica internacional.<\/p>\n                            <\/div>\n                        \n                        \n                    <\/div>\n                <\/div>\n                <div class=\"back-part\">\n                    <div class=\"back-content-part\">\n                        \n                                                    <div class=\"back-title-part\">\n                                                                    <h2 class=\"back-title\"> Portf\u00f3lio Academia<\/h2>\n                                                            <\/div>\n                        \n                                                    <div class=\"back-desc-part\">\n                                <p class=\"back-desc\">Acompanhe a dissemina\u00e7\u00e3o do conhecimento cient\u00edfico. Uma sele\u00e7\u00e3o curada de papers, ensaios e contribui\u00e7\u00f5es para a comunidade acad\u00eamica internacional.<\/p>\n                            <\/div>\n                        \n                                                    <div class=\"back-btn-part\">\n                                <a class=\"back-btn \" href=\"https:\/\/independent.academia.edu\/AFilatro\">\n                                    <span class=\"back-btn-txt\">Seguir Perfil<\/span>\n                                                                    <\/a>\n                            <\/div>\n                                            <\/div>\n                <\/div>\n            <\/div>\n        <\/div>\n    <\/div>    \n\n    \t\t\t\t<\/div>\n\t\t\t\t<\/div>\n\t\t\t\t\t<\/div>\n\t\t<\/div>\n\t\t\t\t\t<\/div>\n\t\t<\/section>\n\t\t\t\t\t<\/div>\n\t\t<\/div>\n\t\t\t\t\t<\/div>\n\t\t<\/section>\n\t\t\t\t<\/div>\n\t\t","protected":false},"excerpt":{"rendered":"<p>AboutProdu\u00e7\u00e3o Cient\u00edfica e Pesquisa O rigor acad\u00eamico por tr\u00e1s da inova\u00e7\u00e3o. Acesse teses, artigos e estudos que fundamentam o design instrucional moderno. PRODU\u00c7\u00c3O CIENT\u00cdFICA Este espa\u00e7o re\u00fane a produ\u00e7\u00e3o intelectual de Andrea Filatro, oferecendo acesso integral \u00e0 sua tese de doutorado e a artigos cient\u00edficos selecionados. S\u00e3o estudos aprofundados que mapeiam a evolu\u00e7\u00e3o do Design&#8230;<\/p>\n","protected":false},"author":1,"featured_media":0,"parent":0,"menu_order":0,"comment_status":"closed","ping_status":"closed","template":"","meta":{"footnotes":""},"class_list":["post-28325","page","type-page","status-publish","hentry"],"_links":{"self":[{"href":"https:\/\/andreafilatro.com\/pt\/wp-json\/wp\/v2\/pages\/28325","targetHints":{"allow":["GET"]}}],"collection":[{"href":"https:\/\/andreafilatro.com\/pt\/wp-json\/wp\/v2\/pages"}],"about":[{"href":"https:\/\/andreafilatro.com\/pt\/wp-json\/wp\/v2\/types\/page"}],"author":[{"embeddable":true,"href":"https:\/\/andreafilatro.com\/pt\/wp-json\/wp\/v2\/users\/1"}],"replies":[{"embeddable":true,"href":"https:\/\/andreafilatro.com\/pt\/wp-json\/wp\/v2\/comments?post=28325"}],"version-history":[{"count":40,"href":"https:\/\/andreafilatro.com\/pt\/wp-json\/wp\/v2\/pages\/28325\/revisions"}],"predecessor-version":[{"id":28401,"href":"https:\/\/andreafilatro.com\/pt\/wp-json\/wp\/v2\/pages\/28325\/revisions\/28401"}],"wp:attachment":[{"href":"https:\/\/andreafilatro.com\/pt\/wp-json\/wp\/v2\/media?parent=28325"}],"curies":[{"name":"wp","href":"https:\/\/api.w.org\/{rel}","templated":true}]}}